{"id":16577,"date":"2024-09-07T09:58:56","date_gmt":"2024-09-07T09:58:56","guid":{"rendered":"https:\/\/caddedisbergama.com\/our-team\/"},"modified":"2024-10-19T10:22:19","modified_gmt":"2024-10-19T10:22:19","slug":"our-team","status":"publish","type":"page","link":"https:\/\/caddedisbergama.com\/en\/our-team\/","title":{"rendered":"Our Team"},"content":{"rendered":"\t\t<div data-elementor-type=\"wp-page\" data-elementor-id=\"16577\" class=\"elementor elementor-16577 elementor-16050\">\n\t\t\t\t<div class=\"wd-negative-gap elementor-element elementor-element-b8f12ca e-flex e-con-boxed e-con e-parent\" data-id=\"b8f12ca\" data-element_type=\"container\" data-e-type=\"container\">\n\t\t\t\t\t<div class=\"e-con-inner\">\n\t\t\t\t<div class=\"elementor-element elementor-element-0a3ac14 elementor-widget__width-initial elementor-widget elementor-widget-wd_team_member\" data-id=\"0a3ac14\" data-element_type=\"widget\" data-e-type=\"widget\" data-widget_type=\"wd_team_member.default\">\n\t\t\t\t<div class=\"elementor-widget-container\">\n\t\t\t\t\t\t\t<div class=\"team-member member-layout-hover text-left color-scheme-light\">\n\t\t\t\t\t\t\t<div class=\"member-image-wrapper\">\n\t\t\t\t\t<div class=\"member-image\">\n\t\t\t\t\t\t<img loading=\"lazy\" decoding=\"async\" width=\"800\" height=\"1200\" src=\"https:\/\/caddedisbergama.com\/wp-content\/uploads\/2024\/09\/dr-1.webp\" class=\"attachment-full size-full\" alt=\"\" srcset=\"https:\/\/caddedisbergama.com\/wp-content\/uploads\/2024\/09\/dr-1.webp 800w, https:\/\/caddedisbergama.com\/wp-content\/uploads\/2024\/09\/dr-1-200x300.webp 200w, https:\/\/caddedisbergama.com\/wp-content\/uploads\/2024\/09\/dr-1-533x800.webp 533w, https:\/\/caddedisbergama.com\/wp-content\/uploads\/2024\/09\/dr-1-768x1152.webp 768w\" sizes=\"auto, (max-width: 800px) 100vw, 800px\" \/>\t\t\t\t\t<\/div>\n\t\t\t\t<\/div>\n\t\t\t\n\t\t\t<div class=\"member-details wd-set-mb reset-last-child\">\n\t\t\t\t\t\t\t\t\t<h4 class=\"member-name\">\n\t\t\t\t\t\tEmir \u00c7elik\t\t\t\t\t<\/h4>\n\t\t\t\t\n\t\t\t\t\t\t\t\t\t<div class=\"member-position\">\n\t\t\t\t\t\tDentist\t\t\t\t\t<\/div>\n\t\t\t\t\n\t\t\t\t\t\t\t\t\t<div class=\"member-bio\">\n\t\t\t\t\t\t<div class=\"flex-shrink-0 flex flex-col relative items-end\"><div><div class=\"pt-0\"><div class=\"gizmo-bot-avatar flex h-8 w-8 items-center justify-center overflow-hidden rounded-full\"><div class=\"relative p-1 rounded-sm flex items-center justify-center bg-token-main-surface-primary text-token-text-primary h-8 w-8\">I was born in 1988 in Akhisar. I completed my high school education at Soma R\u0131fat Da\u011fdelen Anatolian High School. I graduated from Ege University Faculty of Dentistry in 2013. I opened my practice in Bergama in 2015 and launched Caddedi\u015f Bergama in 2024.   <\/div><\/div><\/div><\/div><\/div>\t\t\t\t\t<\/div>\n\t\t\t\t\n\t\t\t\t\t\t\t<\/div>\n\t\t<\/div>\n\t\t\t\t\t\t<\/div>\n\t\t\t\t<\/div>\n\t\t\t\t<div class=\"elementor-element elementor-element-9f68e3a elementor-widget__width-initial elementor-widget elementor-widget-wd_team_member\" data-id=\"9f68e3a\" data-element_type=\"widget\" data-e-type=\"widget\" data-widget_type=\"wd_team_member.default\">\n\t\t\t\t<div class=\"elementor-widget-container\">\n\t\t\t\t\t\t\t<div class=\"team-member member-layout-hover text-left color-scheme-light\">\n\t\t\t\t\t\t\t<div class=\"member-image-wrapper\">\n\t\t\t\t\t<div class=\"member-image\">\n\t\t\t\t\t\t<img loading=\"lazy\" decoding=\"async\" width=\"800\" height=\"1200\" src=\"https:\/\/caddedisbergama.com\/wp-content\/uploads\/2024\/09\/dr-2.webp\" class=\"attachment-full size-full\" alt=\"\" srcset=\"https:\/\/caddedisbergama.com\/wp-content\/uploads\/2024\/09\/dr-2.webp 800w, https:\/\/caddedisbergama.com\/wp-content\/uploads\/2024\/09\/dr-2-200x300.webp 200w, https:\/\/caddedisbergama.com\/wp-content\/uploads\/2024\/09\/dr-2-533x800.webp 533w, https:\/\/caddedisbergama.com\/wp-content\/uploads\/2024\/09\/dr-2-768x1152.webp 768w\" sizes=\"auto, (max-width: 800px) 100vw, 800px\" \/>\t\t\t\t\t<\/div>\n\t\t\t\t<\/div>\n\t\t\t\n\t\t\t<div class=\"member-details wd-set-mb reset-last-child\">\n\t\t\t\t\t\t\t\t\t<h4 class=\"member-name\">\n\t\t\t\t\t\tBur\u00e7in K\u0131ratl\u0131\t\t\t\t\t<\/h4>\n\t\t\t\t\n\t\t\t\t\t\t\t\t\t<div class=\"member-position\">\n\t\t\t\t\t\tDentist\t\t\t\t\t<\/div>\n\t\t\t\t\n\t\t\t\t\t\t\t\t\t<div class=\"member-bio\">\n\t\t\t\t\t\t<div class=\"flex max-w-full flex-col flex-grow\"><div class=\"min-h-8 text-message flex w-full flex-col items-end gap-2 whitespace-normal break-words [.text-message+&amp;]:mt-5\" dir=\"auto\" data-message-author-role=\"assistant\" data-message-id=\"7e8d07e7-156d-4bd4-9b79-7019e86b73d5\"><div class=\"flex w-full flex-col gap-1 empty:hidden first:pt-[3px]\"><div class=\"markdown prose w-full break-words dark:prose-invert dark\"><p>I was born in 1997 in Bergama. I graduated from Bergama Yusuf Kemalettin Perin Science High School in 2015. In 2022, I completed Istanbul Okan University Faculty of Dentistry. In 2023, I worked in a private clinic in Istanbul. As of 2024, I continue my professional life within Caddedi\u015f.    <\/p><\/div><\/div><\/div><\/div>\t\t\t\t\t<\/div>\n\t\t\t\t\n\t\t\t\t\t\t\t<\/div>\n\t\t<\/div>\n\t\t\t\t\t\t<\/div>\n\t\t\t\t<\/div>\n\t\t\t\t<div class=\"elementor-element elementor-element-6ab6891 elementor-widget elementor-widget-wd_team_member\" data-id=\"6ab6891\" data-element_type=\"widget\" data-e-type=\"widget\" data-widget_type=\"wd_team_member.default\">\n\t\t\t\t<div class=\"elementor-widget-container\">\n\t\t\t\t\t\t\t<div class=\"team-member member-layout-hover text-left color-scheme-light\">\n\t\t\t\t\t\t\t<div class=\"member-image-wrapper\">\n\t\t\t\t\t<div class=\"member-image\">\n\t\t\t\t\t\t<img loading=\"lazy\" decoding=\"async\" width=\"800\" height=\"1200\" src=\"https:\/\/caddedisbergama.com\/wp-content\/uploads\/2024\/10\/doctor-3.webp\" class=\"attachment-full size-full\" alt=\"\" srcset=\"https:\/\/caddedisbergama.com\/wp-content\/uploads\/2024\/10\/doctor-3.webp 800w, https:\/\/caddedisbergama.com\/wp-content\/uploads\/2024\/10\/doctor-3-200x300.webp 200w, https:\/\/caddedisbergama.com\/wp-content\/uploads\/2024\/10\/doctor-3-533x800.webp 533w, https:\/\/caddedisbergama.com\/wp-content\/uploads\/2024\/10\/doctor-3-768x1152.webp 768w\" sizes=\"auto, (max-width: 800px) 100vw, 800px\" \/>\t\t\t\t\t<\/div>\n\t\t\t\t<\/div>\n\t\t\t\n\t\t\t<div class=\"member-details wd-set-mb reset-last-child\">\n\t\t\t\t\t\t\t\t\t<h4 class=\"member-name\">\n\t\t\t\t\t\tDilruba S. D\u00f6nmez\t\t\t\t\t<\/h4>\n\t\t\t\t\n\t\t\t\t\t\t\t\t\t<div class=\"member-position\">\n\t\t\t\t\t\tOrthodontics Specialist\t\t\t\t\t<\/div>\n\t\t\t\t\n\t\t\t\t\t\t\t\t\t<div class=\"member-bio\">\n\t\t\t\t\t\t<div class=\"flex max-w-full flex-col flex-grow\"><div class=\"min-h-8 text-message flex w-full flex-col items-end gap-2 whitespace-normal break-words [.text-message+&amp;]:mt-5\" dir=\"auto\" data-message-author-role=\"assistant\" data-message-id=\"7e8d07e7-156d-4bd4-9b79-7019e86b73d5\"><div class=\"flex w-full flex-col gap-1 empty:hidden first:pt-[3px]\"><div class=\"markdown prose w-full break-words dark:prose-invert dark\"><p>Born in Bursa in 1990<br>I studied high school in Bursa Anatolian High School. I graduated from Ege University in 2013 with 3rd place.<br>I worked in Van between 2014 and 2018 for my specialty training<br>Since 2018 I continue to work in private clinics  <\/p><\/div><\/div><\/div><\/div>\t\t\t\t\t<\/div>\n\t\t\t\t\n\t\t\t\t\t\t\t<\/div>\n\t\t<\/div>\n\t\t\t\t\t\t<\/div>\n\t\t\t\t<\/div>\n\t\t\t\t\t<\/div>\n\t\t\t\t<\/div>\n\t\t<div class=\"wd-negative-gap elementor-element elementor-element-033e71e e-flex e-con-boxed e-con e-parent\" data-id=\"033e71e\" data-element_type=\"container\" data-e-type=\"container\">\n\t\t\t\t\t<div class=\"e-con-inner\">\n\t\t\t\t<div class=\"elementor-element elementor-element-c061072 elementor-widget elementor-widget-heading\" data-id=\"c061072\" data-element_type=\"widget\" data-e-type=\"widget\" data-widget_type=\"heading.default\">\n\t\t\t\t<div class=\"elementor-widget-container\">\n\t\t\t\t\t<h2 class=\"elementor-heading-title elementor-size-default\">Contact Us<\/h2>\t\t\t\t<\/div>\n\t\t\t\t<\/div>\n\t\t\t\t<div class=\"elementor-element elementor-element-266bddc wd-cf7 elementor-widget elementor-widget-wd_contact_form_7\" data-id=\"266bddc\" data-element_type=\"widget\" data-e-type=\"widget\" data-widget_type=\"wd_contact_form_7.default\">\n\t\t\t\t<div class=\"elementor-widget-container\">\n\t\t\t\t\t\n<div class=\"wpcf7 no-js\" id=\"wpcf7-f16790-o1\" lang=\"en-US\" dir=\"ltr\" data-wpcf7-id=\"16790\">\n<div class=\"screen-reader-response\"><p role=\"status\" aria-live=\"polite\" aria-atomic=\"true\"><\/p> <ul><\/ul><\/div>\n<form action=\"\/en\/wp-json\/wp\/v2\/pages\/16577#wpcf7-f16790-o1\" method=\"post\" class=\"wpcf7-form init\" aria-label=\"Contact form\" novalidate=\"novalidate\" data-status=\"init\">\n<fieldset class=\"hidden-fields-container\"><input type=\"hidden\" name=\"_wpcf7\" value=\"16790\" \/><input type=\"hidden\" name=\"_wpcf7_version\" value=\"6.1.5\" \/><input type=\"hidden\" name=\"_wpcf7_locale\" value=\"en_US\" \/><input type=\"hidden\" name=\"_wpcf7_unit_tag\" value=\"wpcf7-f16790-o1\" \/><input type=\"hidden\" name=\"_wpcf7_container_post\" value=\"0\" \/><input type=\"hidden\" name=\"_wpcf7_posted_data_hash\" value=\"\" \/>\n<\/fieldset>\n<div class=\"cf-container\" id=\"requestform\">\n\t<p><span class=\"wpcf7-form-control-wrap\" data-name=\"first-name\"><input size=\"40\" maxlength=\"400\" class=\"wpcf7-form-control wpcf7-text wpcf7-validates-as-required\" aria-required=\"true\" aria-invalid=\"false\" placeholder=\"Your Name\" value=\"\" type=\"text\" name=\"first-name\" \/><\/span><br \/>\n<span class=\"wpcf7-form-control-wrap\" data-name=\"last-name\"><input size=\"40\" maxlength=\"400\" class=\"wpcf7-form-control wpcf7-text wpcf7-validates-as-required\" aria-required=\"true\" aria-invalid=\"false\" placeholder=\"Your last name\" value=\"\" type=\"text\" name=\"last-name\" \/><\/span><br \/>\n<span class=\"wpcf7-form-control-wrap\" data-name=\"phone\"><input size=\"40\" class=\"wpcf7-form-control wpcf7-phonetext wpcf7-validates-as-required wpcf7-text wpcf7-validates-as-phonetext phone-text-area\" aria-required=\"true\" aria-invalid=\"false\" placeholder=\"Your Phone Number\" value=\"\" type=\"text\" name=\"phone\" \/><input type=\"hidden\" name=\"phone-country-code\" class=\"wpcf7-phonetext-country-code\" \/><\/span><br \/>\n<span class=\"wpcf7-form-control-wrap\" data-name=\"your-email\"><input size=\"40\" maxlength=\"400\" class=\"wpcf7-form-control wpcf7-email wpcf7-text wpcf7-validates-as-email\" aria-invalid=\"false\" placeholder=\"Your E-Mail Address\" value=\"\" type=\"email\" name=\"your-email\" \/><\/span><br \/>\n<span class=\"wpcf7-form-control-wrap\" data-name=\"your-message\"><input size=\"40\" maxlength=\"400\" class=\"wpcf7-form-control wpcf7-text\" aria-invalid=\"false\" placeholder=\"Your message\" value=\"\" type=\"text\" name=\"your-message\" \/><\/span><br \/>\n\t<input class=\"wpcf7-form-control wpcf7-hidden\" value=\"post_url\" type=\"hidden\" name=\"hidden-241\" \/><br \/>\n<input class=\"wpcf7-form-control wpcf7-submit has-spinner\" id=\"uzak\" type=\"submit\" value=\"Send Message\" \/>\n\t<\/p>\n<\/div><div class=\"wpcf7-response-output\" aria-hidden=\"true\"><\/div>\n<\/form>\n<\/div>\n\t\t\t\t<\/div>\n\t\t\t\t<\/div>\n\t\t\t\t\t<\/div>\n\t\t\t\t<\/div>\n\t\t\t\t<\/div>\n\t\t","protected":false},"excerpt":{"rendered":"<p>Emir \u00c7elik Dentist I was born in 1988 in Akhisar. I completed my high school education at Soma R\u0131fat Da\u011fdelen<\/p>\n","protected":false},"author":1,"featured_media":0,"parent":0,"menu_order":0,"comment_status":"closed","ping_status":"closed","template":"","meta":{"footnotes":""},"class_list":["post-16577","page","type-page","status-publish","hentry"],"_links":{"self":[{"href":"https:\/\/caddedisbergama.com\/en\/wp-json\/wp\/v2\/pages\/16577","targetHints":{"allow":["GET"]}}],"collection":[{"href":"https:\/\/caddedisbergama.com\/en\/wp-json\/wp\/v2\/pages"}],"about":[{"href":"https:\/\/caddedisbergama.com\/en\/wp-json\/wp\/v2\/types\/page"}],"author":[{"embeddable":true,"href":"https:\/\/caddedisbergama.com\/en\/wp-json\/wp\/v2\/users\/1"}],"replies":[{"embeddable":true,"href":"https:\/\/caddedisbergama.com\/en\/wp-json\/wp\/v2\/comments?post=16577"}],"version-history":[{"count":6,"href":"https:\/\/caddedisbergama.com\/en\/wp-json\/wp\/v2\/pages\/16577\/revisions"}],"predecessor-version":[{"id":16776,"href":"https:\/\/caddedisbergama.com\/en\/wp-json\/wp\/v2\/pages\/16577\/revisions\/16776"}],"wp:attachment":[{"href":"https:\/\/caddedisbergama.com\/en\/wp-json\/wp\/v2\/media?parent=16577"}],"curies":[{"name":"wp","href":"https:\/\/api.w.org\/{rel}","templated":true}]}}