{"id":16591,"date":"2021-10-12T16:27:24","date_gmt":"2021-10-12T16:27:24","guid":{"rendered":"https:\/\/caddedisbergama.com\/contact\/"},"modified":"2024-10-19T10:22:44","modified_gmt":"2024-10-19T10:22:44","slug":"contact","status":"publish","type":"page","link":"https:\/\/caddedisbergama.com\/en\/contact\/","title":{"rendered":"Contact"},"content":{"rendered":"\t\t<div data-elementor-type=\"wp-page\" data-elementor-id=\"16591\" class=\"elementor elementor-16591 elementor-4439\">\n\t\t\t\t<div class=\"wd-negative-gap elementor-element elementor-element-cb322d0 e-flex e-con-boxed e-con e-parent\" data-id=\"cb322d0\" data-element_type=\"container\" data-e-type=\"container\">\n\t\t\t\t\t<div class=\"e-con-inner\">\n\t\t<div class=\"elementor-element elementor-element-1f0abe4 e-con-full e-flex e-con e-child\" data-id=\"1f0abe4\" data-element_type=\"container\" data-e-type=\"container\">\n\t\t\t\t<div class=\"elementor-element elementor-element-6576741 wd-width-100 elementor-widget elementor-widget-wd_google_map\" data-id=\"6576741\" data-element_type=\"widget\" data-e-type=\"widget\" data-widget_type=\"wd_google_map.default\">\n\t\t\t\t<div class=\"elementor-widget-container\">\n\t\t\t\t\t\t\t<div class=\"google-map-container wd-map-container\" data-map-args='{&quot;multiple_markers&quot;:&quot;&quot;,&quot;latitude&quot;:&quot;39.115725&quot;,&quot;longitude&quot;:&quot;27.179054&quot;,&quot;zoom&quot;:15,&quot;mouse_zoom&quot;:&quot;no&quot;,&quot;init_type&quot;:&quot;page_load&quot;,&quot;init_offset&quot;:&quot;&quot;,&quot;json_style&quot;:&quot;&quot;,&quot;marker_icon&quot;:&quot;https:\\\/\\\/caddedisbergama.com\\\/wp-content\\\/themes\\\/woodmart\\\/inc\\\/admin\\\/assets\\\/images\\\/google-icon.png&quot;,&quot;marker_icon_size&quot;:&quot;&quot;,&quot;elementor&quot;:true,&quot;marker_text_needed&quot;:&quot;no&quot;,&quot;marker_text&quot;:&quot;&lt;h3 style=\\&quot;min-width:300px; text-align:center; margin:15px;\\&quot;&gt;&lt;\\\/h3&gt;&quot;,&quot;selector&quot;:&quot;wd-map-id-69e34eae54b6d&quot;,&quot;markers&quot;:null,&quot;center&quot;:&quot;&quot;}'>\n\n\t\t\t\n\t\t\t\n\t\t\t<div class=\"wd-google-map-wrapper wd-map-wrapper wd-fill\">\n\t\t\t\t<div id=\"wd-map-id-69e34eae54b6d\" class=\"wd-google-map without-content wd-fill\"><\/div>\n\t\t\t<\/div>\n\n\t\t\t\t\t<\/div>\n\t\t\t\t\t\t<\/div>\n\t\t\t\t<\/div>\n\t\t\t\t<\/div>\n\t\t<div class=\"elementor-element elementor-element-789122a e-con-full e-flex e-con e-child\" data-id=\"789122a\" data-element_type=\"container\" data-e-type=\"container\">\n\t\t\t\t<div class=\"elementor-element elementor-element-775ddc4 wd-width-100 elementor-widget elementor-widget-wd_title\" data-id=\"775ddc4\" data-element_type=\"widget\" data-e-type=\"widget\" data-widget_type=\"wd_title.default\">\n\t\t\t\t<div class=\"elementor-widget-container\">\n\t\t\t\t\t\t\t<div class=\"title-wrapper wd-set-mb reset-last-child wd-title-color-default wd-title-style-default wd-title-size-default text-left\">\n\n\t\t\t\t\t\t\t\t\t\t\t<div class=\"title-subtitle subtitle-color-default subtitle-style-default wd-fontsize-xs\">\n\t\t\t\t\tABOUT US\t\t\t\t<\/div>\n\t\t\t\n\t\t\t<div class=\"liner-continer\">\n\t\t\t\t<h4 class=\"woodmart-title-container title wd-fontsize-l\">CONTACT US FOR YOUR QUESTIONS<\/h4> \n\t\t\t\t\t\t\t<\/div>\n\n\t\t\t\t\t<\/div>\n\t\t\t\t\t\t<\/div>\n\t\t\t\t<\/div>\n\t\t\t\t<div class=\"elementor-element elementor-element-3c67846 wd-cf7 elementor-widget elementor-widget-wd_contact_form_7\" data-id=\"3c67846\" data-element_type=\"widget\" data-e-type=\"widget\" data-widget_type=\"wd_contact_form_7.default\">\n\t\t\t\t<div class=\"elementor-widget-container\">\n\t\t\t\t\t\n<div class=\"wpcf7 no-js\" id=\"wpcf7-f16791-o1\" lang=\"en-US\" dir=\"ltr\" data-wpcf7-id=\"16791\">\n<div class=\"screen-reader-response\"><p role=\"status\" aria-live=\"polite\" aria-atomic=\"true\"><\/p> <ul><\/ul><\/div>\n<form action=\"\/en\/wp-json\/wp\/v2\/pages\/16591#wpcf7-f16791-o1\" method=\"post\" class=\"wpcf7-form init\" aria-label=\"Contact form\" novalidate=\"novalidate\" data-status=\"init\">\n<fieldset class=\"hidden-fields-container\"><input type=\"hidden\" name=\"_wpcf7\" value=\"16791\" \/><input type=\"hidden\" name=\"_wpcf7_version\" value=\"6.1.5\" \/><input type=\"hidden\" name=\"_wpcf7_locale\" value=\"en_US\" \/><input type=\"hidden\" name=\"_wpcf7_unit_tag\" value=\"wpcf7-f16791-o1\" \/><input type=\"hidden\" name=\"_wpcf7_container_post\" value=\"0\" \/><input type=\"hidden\" name=\"_wpcf7_posted_data_hash\" value=\"\" \/>\n<\/fieldset>\n<div class=\"row\">\n\t<p class=\"col-md-6\"><label>Your Name<\/label><span class=\"wpcf7-form-control-wrap\" data-name=\"your-name\"><input size=\"40\" maxlength=\"400\" class=\"wpcf7-form-control wpcf7-text wpcf7-validates-as-required\" aria-required=\"true\" aria-invalid=\"false\" value=\"\" type=\"text\" name=\"your-name\" \/><\/span>\n\t<\/p>\n\t<p class=\"col-md-6\"><label>E-Mail<\/label><span class=\"wpcf7-form-control-wrap\" data-name=\"your-email\"><input size=\"40\" maxlength=\"400\" class=\"wpcf7-form-control wpcf7-email wpcf7-validates-as-required wpcf7-text wpcf7-validates-as-email\" aria-required=\"true\" aria-invalid=\"false\" value=\"\" type=\"email\" name=\"your-email\" \/><\/span>\n\t<\/p>\n<\/div>\n<div class=\"row\">\n\t<p class=\"col-md-6\"><label>Telephone<\/label><span class=\"wpcf7-form-control-wrap\" data-name=\"tel-767\"><input size=\"40\" maxlength=\"400\" class=\"wpcf7-form-control wpcf7-tel wpcf7-text wpcf7-validates-as-tel\" aria-invalid=\"false\" value=\"\" type=\"tel\" name=\"tel-767\" \/><\/span>\n\t<\/p>\n\t<p class=\"col-md-6\"><label>Ask a question<\/label><span class=\"wpcf7-form-control-wrap\" data-name=\"text-1\"><input size=\"40\" maxlength=\"400\" class=\"wpcf7-form-control wpcf7-text\" aria-invalid=\"false\" value=\"\" type=\"text\" name=\"text-1\" \/><\/span>\n\t<\/p>\n<\/div>\n<p><label>Your message<\/label><span class=\"wpcf7-form-control-wrap\" data-name=\"your-message\"><textarea cols=\"40\" rows=\"10\" maxlength=\"2000\" class=\"wpcf7-form-control wpcf7-textarea\" aria-invalid=\"false\" name=\"your-message\"><\/textarea><\/span>\n<\/p>\n<p><input class=\"wpcf7-form-control wpcf7-submit has-spinner btn-color-black\" type=\"submit\" value=\"ASK A QUESTION\" \/>\n<\/p><div class=\"wpcf7-response-output\" aria-hidden=\"true\"><\/div>\n<\/form>\n<\/div>\n\t\t\t\t<\/div>\n\t\t\t\t<\/div>\n\t\t\t\t<\/div>\n\t\t\t\t\t<\/div>\n\t\t\t\t<\/div>\n\t\t\t\t<\/div>\n\t\t","protected":false},"excerpt":{"rendered":"<p>&#8220;,&#8221;selector&#8221;:&#8221;wd-map-id-67138874a33df&#8221;,&#8221;markers&#8221;:null,&#8221;center&#8221;:&#8221;&#8221;}&#8217;> ABOUT US CONTACT US FOR YOUR QUESTIONS Ad\u0131n\u0131z E-Posta Telefon Sorunuz Mesaj\u0131n\u0131z<\/p>\n","protected":false},"author":1,"featured_media":16501,"parent":0,"menu_order":0,"comment_status":"closed","ping_status":"closed","template":"","meta":{"footnotes":""},"class_list":["post-16591","page","type-page","status-publish","has-post-thumbnail","hentry"],"_links":{"self":[{"href":"https:\/\/caddedisbergama.com\/en\/wp-json\/wp\/v2\/pages\/16591","targetHints":{"allow":["GET"]}}],"collection":[{"href":"https:\/\/caddedisbergama.com\/en\/wp-json\/wp\/v2\/pages"}],"about":[{"href":"https:\/\/caddedisbergama.com\/en\/wp-json\/wp\/v2\/types\/page"}],"author":[{"embeddable":true,"href":"https:\/\/caddedisbergama.com\/en\/wp-json\/wp\/v2\/users\/1"}],"replies":[{"embeddable":true,"href":"https:\/\/caddedisbergama.com\/en\/wp-json\/wp\/v2\/comments?post=16591"}],"version-history":[{"count":2,"href":"https:\/\/caddedisbergama.com\/en\/wp-json\/wp\/v2\/pages\/16591\/revisions"}],"predecessor-version":[{"id":16777,"href":"https:\/\/caddedisbergama.com\/en\/wp-json\/wp\/v2\/pages\/16591\/revisions\/16777"}],"wp:featuredmedia":[{"embeddable":true,"href":"https:\/\/caddedisbergama.com\/en\/wp-json\/wp\/v2\/media\/16501"}],"wp:attachment":[{"href":"https:\/\/caddedisbergama.com\/en\/wp-json\/wp\/v2\/media?parent=16591"}],"curies":[{"name":"wp","href":"https:\/\/api.w.org\/{rel}","templated":true}]}}